{"id":868,"date":"2024-01-25T18:45:05","date_gmt":"2024-01-25T17:45:05","guid":{"rendered":"https:\/\/tiptrip.info\/?page_id=868"},"modified":"2024-01-25T18:55:54","modified_gmt":"2024-01-25T17:55:54","slug":"impressum","status":"publish","type":"page","link":"https:\/\/tiptrip.info\/ru\/impressum\/","title":{"rendered":"Impressum"},"content":{"rendered":"<p style=\"text-align: center;\"><strong>Postanschrift\/Firmensitz:<\/strong><br \/>\nWaterbergstr. 14A<br \/>\n81827 M\u00fcnchen<\/p>\n<p style=\"text-align: center;\"><strong>Support:<\/strong><br \/>\nTel. +49 89 12094476<br \/>\nemail: <a href=\"mailto:admin@tiptrip.info\">admin@tiptrip.info<\/a><\/p>\n<p style=\"text-align: center;\"><strong>Gesch\u00e4ftsf\u00fchrer:<\/strong><br \/>\nValeria Kalinina<\/p>\n<p style=\"text-align: center;\"><strong>Handelsregister:<\/strong><br \/>\nAmtsgericht M\u00fcnchen<br \/>\nUmsatzsteuer ID: DE364729346<br \/>\nSteuernummer: 143\/186\/62380<\/p>","protected":false},"excerpt":{"rendered":"<p>Postanschrift\/Firmensitz: Waterbergstr. 14A 81827 M\u00fcnchen Support: Tel. +49 89 12094476 email: admin@tiptrip.info Gesch\u00e4ftsf\u00fchrer: Valeria Kalinina Handelsregister: Amtsgericht M\u00fcnchen Umsatzsteuer ID: DE364729346 Steuernummer: 143\/186\/62380<\/p>","protected":false},"author":1,"featured_media":0,"parent":0,"menu_order":0,"comment_status":"closed","ping_status":"closed","template":"","meta":{"footnotes":""},"class_list":["post-868","page","type-page","status-publish","hentry"],"jetpack_sharing_enabled":true,"_links":{"self":[{"href":"https:\/\/tiptrip.info\/ru\/wp-json\/wp\/v2\/pages\/868","targetHints":{"allow":["GET"]}}],"collection":[{"href":"https:\/\/tiptrip.info\/ru\/wp-json\/wp\/v2\/pages"}],"about":[{"href":"https:\/\/tiptrip.info\/ru\/wp-json\/wp\/v2\/types\/page"}],"author":[{"embeddable":true,"href":"https:\/\/tiptrip.info\/ru\/wp-json\/wp\/v2\/users\/1"}],"replies":[{"embeddable":true,"href":"https:\/\/tiptrip.info\/ru\/wp-json\/wp\/v2\/comments?post=868"}],"version-history":[{"count":0,"href":"https:\/\/tiptrip.info\/ru\/wp-json\/wp\/v2\/pages\/868\/revisions"}],"wp:attachment":[{"href":"https:\/\/tiptrip.info\/ru\/wp-json\/wp\/v2\/media?parent=868"}],"curies":[{"name":"wp","href":"https:\/\/api.w.org\/{rel}","templated":true}]}}